{"id":19576,"date":"2026-01-13T08:10:58","date_gmt":"2026-01-13T07:10:58","guid":{"rendered":"https:\/\/fundaciondoctrinacristiana.es\/sevilla\/?post_type=product&#038;p=19576"},"modified":"2026-01-13T08:10:58","modified_gmt":"2026-01-13T07:10:58","slug":"cuentacuentos-busy-bee-2-feb-26","status":"publish","type":"product","link":"https:\/\/fundaciondoctrinacristiana.es\/sevilla\/producto\/cuentacuentos-busy-bee-2-feb-26\/","title":{"rendered":"Cuentacuentos Busy Bee (2 feb 26)"},"content":{"rendered":"<h2>Cuentacuentos Busy Bee (2 feb 26)<\/h2>\n<p>Cuentacuentos en ingl\u00e9s en el sal\u00f3n de actos del colegio Busy Bee es una simp\u00e1tica abeja que est\u00e1 muy ocupada\u2026 \u00a1haciendo miel para su reina! Ven a su jard\u00edn y \u00fanete a sus aventuras, con canciones, baile y hasta unas palabras m\u00e1gicas. Pero ten cuidado\u2026 \u00a1hay un oso goloso al acecho!<\/p>\n<blockquote><p>Los alumnos asistir\u00e1n a la actividad con la ropa que corresponda ese d\u00eda<\/p>\n<p><span class=\"M7eMe\">Fecha l\u00edmite de pago 31 enero<\/span><\/p><\/blockquote>\n","protected":false},"excerpt":{"rendered":"<h2>Cuentacuentos Busy Bee (2 feb 26)<\/h2>\n","protected":false},"featured_media":19578,"template":"","meta":[],"product_brand":[],"product_cat":[242,243],"product_tag":[],"class_list":{"0":"post-19576","1":"product","2":"type-product","3":"status-publish","4":"has-post-thumbnail","6":"product_cat-actividades-complementarias-1o-primaria","7":"product_cat-actividades-complementarias-2o-primaria","9":"first","10":"instock","11":"virtual","12":"sold-individually","13":"product-type-simple"},"_links":{"self":[{"href":"https:\/\/fundaciondoctrinacristiana.es\/sevilla\/wp-json\/wp\/v2\/product\/19576","targetHints":{"allow":["GET"]}}],"collection":[{"href":"https:\/\/fundaciondoctrinacristiana.es\/sevilla\/wp-json\/wp\/v2\/product"}],"about":[{"href":"https:\/\/fundaciondoctrinacristiana.es\/sevilla\/wp-json\/wp\/v2\/types\/product"}],"wp:featuredmedia":[{"embeddable":true,"href":"https:\/\/fundaciondoctrinacristiana.es\/sevilla\/wp-json\/wp\/v2\/media\/19578"}],"wp:attachment":[{"href":"https:\/\/fundaciondoctrinacristiana.es\/sevilla\/wp-json\/wp\/v2\/media?parent=19576"}],"wp:term":[{"taxonomy":"product_brand","embeddable":true,"href":"https:\/\/fundaciondoctrinacristiana.es\/sevilla\/wp-json\/wp\/v2\/product_brand?post=19576"},{"taxonomy":"product_cat","embeddable":true,"href":"https:\/\/fundaciondoctrinacristiana.es\/sevilla\/wp-json\/wp\/v2\/product_cat?post=19576"},{"taxonomy":"product_tag","embeddable":true,"href":"https:\/\/fundaciondoctrinacristiana.es\/sevilla\/wp-json\/wp\/v2\/product_tag?post=19576"}],"curies":[{"name":"wp","href":"https:\/\/api.w.org\/{rel}","templated":true}]}}