{"id":19579,"date":"2026-01-13T08:15:19","date_gmt":"2026-01-13T07:15:19","guid":{"rendered":"https:\/\/fundaciondoctrinacristiana.es\/sevilla\/?post_type=product&#038;p=19579"},"modified":"2026-01-13T08:16:24","modified_gmt":"2026-01-13T07:16:24","slug":"visita-guiada-a-las-tripas-del-teatro-de-la-maestranza-9-feb-26","status":"publish","type":"product","link":"https:\/\/fundaciondoctrinacristiana.es\/sevilla\/producto\/visita-guiada-a-las-tripas-del-teatro-de-la-maestranza-9-feb-26\/","title":{"rendered":"Visita guiada a las tripas del Teatro de la Maestranza (9 feb 26)"},"content":{"rendered":"<h1>Visita guiada a las tripas del Teatro de la Maestranza (9 feb 26)<\/h1>\n<div class=\"Qr7Oae\" role=\"listitem\">\n<div class=\"OxAavc NVbRL\" data-item-id=\"1718279545\">\n<div class=\"Ih4Dzb\">\n<p class=\"q4tvle JqSWld yqQS1\" tabindex=\"0\" role=\"textbox\" aria-label=\"Descripci\u00f3n de la actividad. Tambi\u00e9n se puede decir qu\u00e9 incluye (transporte, talleres, entrada, visita guiada, desayuno...)\" aria-disabled=\"true\">Recorrido interactivo por las diferentes dependencias del Teatro de la Maestranza. Se dar\u00e1n a conocer una serie de instalaciones dotadas con las \u00faltimas tecnolog\u00edas. Se visitar\u00e1 todo el teatro incluyendo los espacios m\u00e1s \u00edntimos tales como la ch\u00e1cena (caja esc\u00e9nica situada justo detr\u00e1s del escenario principal), las salas de utiler\u00eda, maquillaje o peluquer\u00eda, la moderna maquinaria esc\u00e9nica capaz de levantar y mover varias toneladas de peso en el escenario y las salas de ensayo del Coro, entre otros espacios hasta ahora desconocidos para el p\u00fablico<\/p>\n<\/div>\n<\/div>\n<\/div>\n<div class=\"Qr7Oae\" role=\"listitem\">\n<div class=\"OxAavc\" data-required=\"true\" data-other-input=\"qSV85\" data-other-hidden=\"MfYA1e\" data-item-id=\"2047909417\">\n<div class=\"pYfr3c\">\n<div class=\"prOLdf\">\n<div class=\"g53bl\">\n<div id=\"c1969\" class=\"cTDvob D1wxyf RjsPE\" role=\"heading\" aria-level=\"3\" aria-describedby=\"i.desc.2047909417 c1984\">\n<div class=\"pYfr3c\">\n<div class=\"prOLdf\">\n<div class=\"g53bl\">\n<blockquote>\n<div id=\"c1969\" class=\"cTDvob D1wxyf RjsPE\" role=\"heading\" aria-level=\"3\" aria-describedby=\"i.desc.2047909417 c1984\"><span class=\"M7eMe\">Los alumnos asistir\u00e1n a la actividad con el u<\/span><span style=\"font-size: 1rem;\">niforme<\/span><\/div>\n<div role=\"heading\" aria-level=\"3\" aria-describedby=\"i.desc.2047909417 c1984\"><\/div>\n<div class=\"cTDvob D1wxyf RjsPE\" role=\"heading\" aria-level=\"3\" aria-describedby=\"i.desc.2047909417 c1984\"><span style=\"font-size: 1rem;\">Fecha l\u00edmite de pago 27 enero<\/span><\/div>\n<\/blockquote>\n<\/div>\n<\/div>\n<\/div>\n<\/div>\n<\/div>\n<\/div>\n<\/div>\n<\/div>\n<\/div>\n","protected":false},"excerpt":{"rendered":"<p>Visita guiada a las tripas del Teatro de la Maestranza (9 feb 26)<\/p>\n","protected":false},"featured_media":19581,"template":"","meta":[],"product_brand":[],"product_cat":[249],"product_tag":[],"class_list":{"0":"post-19579","1":"product","2":"type-product","3":"status-publish","4":"has-post-thumbnail","6":"product_cat-actividades-complementarias-2o-eso","8":"first","9":"instock","10":"virtual","11":"sold-individually","12":"product-type-simple"},"_links":{"self":[{"href":"https:\/\/fundaciondoctrinacristiana.es\/sevilla\/wp-json\/wp\/v2\/product\/19579","targetHints":{"allow":["GET"]}}],"collection":[{"href":"https:\/\/fundaciondoctrinacristiana.es\/sevilla\/wp-json\/wp\/v2\/product"}],"about":[{"href":"https:\/\/fundaciondoctrinacristiana.es\/sevilla\/wp-json\/wp\/v2\/types\/product"}],"wp:featuredmedia":[{"embeddable":true,"href":"https:\/\/fundaciondoctrinacristiana.es\/sevilla\/wp-json\/wp\/v2\/media\/19581"}],"wp:attachment":[{"href":"https:\/\/fundaciondoctrinacristiana.es\/sevilla\/wp-json\/wp\/v2\/media?parent=19579"}],"wp:term":[{"taxonomy":"product_brand","embeddable":true,"href":"https:\/\/fundaciondoctrinacristiana.es\/sevilla\/wp-json\/wp\/v2\/product_brand?post=19579"},{"taxonomy":"product_cat","embeddable":true,"href":"https:\/\/fundaciondoctrinacristiana.es\/sevilla\/wp-json\/wp\/v2\/product_cat?post=19579"},{"taxonomy":"product_tag","embeddable":true,"href":"https:\/\/fundaciondoctrinacristiana.es\/sevilla\/wp-json\/wp\/v2\/product_tag?post=19579"}],"curies":[{"name":"wp","href":"https:\/\/api.w.org\/{rel}","templated":true}]}}