{"id":19617,"date":"2026-01-14T01:48:48","date_gmt":"2026-01-14T00:48:48","guid":{"rendered":"https:\/\/fundaciondoctrinacristiana.es\/sevilla\/?post_type=product&#038;p=19617"},"modified":"2026-01-14T01:48:48","modified_gmt":"2026-01-14T00:48:48","slug":"concierto-didactico-quixote-en-un-lugar-de-la-musica-5-feb-26","status":"publish","type":"product","link":"https:\/\/fundaciondoctrinacristiana.es\/sevilla\/producto\/concierto-didactico-quixote-en-un-lugar-de-la-musica-5-feb-26\/","title":{"rendered":"Concierto did\u00e1ctico: Quixote, en un lugar de la m\u00fasica. (5 feb 26)"},"content":{"rendered":"<h1>Concierto did\u00e1ctico: Quixote, en un lugar de la m\u00fasica. (5 feb 26)<\/h1>\n<p>Un espect\u00e1culo que revive los pasajes m\u00e1s c\u00e9lebres de la obra de Cervantes a trav\u00e9s del teatro de t\u00edteres y la m\u00fasica barroca y pre barroca interpretada en directo por una formaci\u00f3n de c\u00e1mara. Don Quijote, Dulcinea y Sancho Panza cobran vida en escena mediante el arte de las marionetas, dando forma a un universo donde la fantas\u00eda y la realidad se entrelazan en una propuesta esc\u00e9nica llena de imaginaci\u00f3n y emoci\u00f3n. En el Teatro Riberas del Guadaira. (Alcal\u00e1 de Guadaira).<\/p>\n<blockquote><p>\nFecha l\u00edmite de pago: 23 de enero.<\/p>\n<p>Los alumnos asistir\u00e1n con el uniforme del colegio<\/p><\/blockquote>\n","protected":false},"excerpt":{"rendered":"<h1>Concierto did\u00e1ctico: Quixote, en un lugar de la m\u00fasica. (5 feb 26)<\/h1>\n","protected":false},"featured_media":19619,"template":"","meta":[],"product_brand":[],"product_cat":[248],"product_tag":[],"class_list":{"0":"post-19617","1":"product","2":"type-product","3":"status-publish","4":"has-post-thumbnail","6":"product_cat-actividades-complementarias-1o-eso","8":"first","9":"instock","10":"virtual","11":"sold-individually","12":"purchasable","13":"product-type-simple"},"_links":{"self":[{"href":"https:\/\/fundaciondoctrinacristiana.es\/sevilla\/wp-json\/wp\/v2\/product\/19617","targetHints":{"allow":["GET"]}}],"collection":[{"href":"https:\/\/fundaciondoctrinacristiana.es\/sevilla\/wp-json\/wp\/v2\/product"}],"about":[{"href":"https:\/\/fundaciondoctrinacristiana.es\/sevilla\/wp-json\/wp\/v2\/types\/product"}],"wp:featuredmedia":[{"embeddable":true,"href":"https:\/\/fundaciondoctrinacristiana.es\/sevilla\/wp-json\/wp\/v2\/media\/19619"}],"wp:attachment":[{"href":"https:\/\/fundaciondoctrinacristiana.es\/sevilla\/wp-json\/wp\/v2\/media?parent=19617"}],"wp:term":[{"taxonomy":"product_brand","embeddable":true,"href":"https:\/\/fundaciondoctrinacristiana.es\/sevilla\/wp-json\/wp\/v2\/product_brand?post=19617"},{"taxonomy":"product_cat","embeddable":true,"href":"https:\/\/fundaciondoctrinacristiana.es\/sevilla\/wp-json\/wp\/v2\/product_cat?post=19617"},{"taxonomy":"product_tag","embeddable":true,"href":"https:\/\/fundaciondoctrinacristiana.es\/sevilla\/wp-json\/wp\/v2\/product_tag?post=19617"}],"curies":[{"name":"wp","href":"https:\/\/api.w.org\/{rel}","templated":true}]}}