{"id":19620,"date":"2026-01-14T01:54:51","date_gmt":"2026-01-14T00:54:51","guid":{"rendered":"https:\/\/fundaciondoctrinacristiana.es\/sevilla\/?post_type=product&#038;p=19620"},"modified":"2026-01-14T01:55:25","modified_gmt":"2026-01-14T00:55:25","slug":"teatro-ingles-black-mirror-3-feb-26","status":"publish","type":"product","link":"https:\/\/fundaciondoctrinacristiana.es\/sevilla\/producto\/teatro-ingles-black-mirror-3-feb-26\/","title":{"rendered":"Teatro Ingl\u00e9s \u00abBlack Mirror\u00bb (3 feb 26)"},"content":{"rendered":"<h1>Teatro Ingl\u00e9s \u00abBlack Mirror\u00bb (3 feb 26)<\/h1>\n<div class=\"Qr7Oae\" role=\"listitem\">\n<div class=\"OxAavc NVbRL\" data-item-id=\"1718279545\">\n<div class=\"Ih4Dzb\">\n<p class=\"q4tvle JqSWld yqQS1\" tabindex=\"0\" role=\"textbox\" aria-label=\"Descripci\u00f3n de la actividad. Tambi\u00e9n se puede decir qu\u00e9 incluye (transporte, talleres, entrada, visita guiada, desayuno...)\" aria-disabled=\"true\">Teatro en Ingl\u00e9s \u00abBlack Mirror\u00bb + transporte en autocar<\/p>\n<blockquote>\n<p tabindex=\"0\" role=\"textbox\" aria-label=\"Descripci\u00f3n de la actividad. Tambi\u00e9n se puede decir qu\u00e9 incluye (transporte, talleres, entrada, visita guiada, desayuno...)\" aria-disabled=\"true\"><span class=\"M7eMe\">Los alumnos asistir\u00e1n a la actividad con el uniforme<\/span><\/p>\n<p tabindex=\"0\" role=\"textbox\" aria-label=\"Descripci\u00f3n de la actividad. Tambi\u00e9n se puede decir qu\u00e9 incluye (transporte, talleres, entrada, visita guiada, desayuno...)\" aria-disabled=\"true\"><span class=\"M7eMe\">Fecha l\u00edmite de pago 27 enero 26<\/span><\/p>\n<\/blockquote>\n<\/div>\n<\/div>\n<\/div>\n<div class=\"Qr7Oae\" role=\"listitem\">\n<div class=\"OxAavc\" data-required=\"true\" data-other-input=\"qSV85\" data-other-hidden=\"MfYA1e\" data-item-id=\"2047909417\">\n<div class=\"pYfr3c\">\n<div class=\"prOLdf\">\n<div class=\"g53bl\">\n<div id=\"c433\" class=\"cTDvob D1wxyf RjsPE\" role=\"heading\" aria-level=\"3\" aria-describedby=\"i.desc.2047909417 c448\"><\/div>\n<\/div>\n<\/div>\n<\/div>\n<\/div>\n<\/div>\n","protected":false},"excerpt":{"rendered":"<h1>Teatro Ingl\u00e9s \u00abBlack Mirror\u00bb (3 feb 26)<\/h1>\n","protected":false},"featured_media":19622,"template":"","meta":[],"product_brand":[],"product_cat":[250,251],"product_tag":[],"class_list":{"0":"post-19620","1":"product","2":"type-product","3":"status-publish","4":"has-post-thumbnail","6":"product_cat-actividades-complementarias-3o-eso","7":"product_cat-actividades-complementarias-4o-eso","9":"first","10":"instock","11":"virtual","12":"sold-individually","13":"product-type-simple"},"_links":{"self":[{"href":"https:\/\/fundaciondoctrinacristiana.es\/sevilla\/wp-json\/wp\/v2\/product\/19620","targetHints":{"allow":["GET"]}}],"collection":[{"href":"https:\/\/fundaciondoctrinacristiana.es\/sevilla\/wp-json\/wp\/v2\/product"}],"about":[{"href":"https:\/\/fundaciondoctrinacristiana.es\/sevilla\/wp-json\/wp\/v2\/types\/product"}],"wp:featuredmedia":[{"embeddable":true,"href":"https:\/\/fundaciondoctrinacristiana.es\/sevilla\/wp-json\/wp\/v2\/media\/19622"}],"wp:attachment":[{"href":"https:\/\/fundaciondoctrinacristiana.es\/sevilla\/wp-json\/wp\/v2\/media?parent=19620"}],"wp:term":[{"taxonomy":"product_brand","embeddable":true,"href":"https:\/\/fundaciondoctrinacristiana.es\/sevilla\/wp-json\/wp\/v2\/product_brand?post=19620"},{"taxonomy":"product_cat","embeddable":true,"href":"https:\/\/fundaciondoctrinacristiana.es\/sevilla\/wp-json\/wp\/v2\/product_cat?post=19620"},{"taxonomy":"product_tag","embeddable":true,"href":"https:\/\/fundaciondoctrinacristiana.es\/sevilla\/wp-json\/wp\/v2\/product_tag?post=19620"}],"curies":[{"name":"wp","href":"https:\/\/api.w.org\/{rel}","templated":true}]}}