{"id":19953,"date":"2026-01-27T16:21:06","date_gmt":"2026-01-27T15:21:06","guid":{"rendered":"https:\/\/fundaciondoctrinacristiana.es\/sevilla\/?post_type=product&#038;p=19953"},"modified":"2026-01-27T16:21:06","modified_gmt":"2026-01-27T15:21:06","slug":"planeta-olivo-18-feb-26-3","status":"publish","type":"product","link":"https:\/\/fundaciondoctrinacristiana.es\/sevilla\/producto\/planeta-olivo-18-feb-26-3\/","title":{"rendered":"Planeta olivo (18 feb 26) 3\u00baPrimaria"},"content":{"rendered":"<h1>Planeta olivo (18 feb 26)<\/h1>\n<p>El alumnado realizar\u00e1 una cata de aceite, trabajar\u00e1n a trav\u00e9s de un teatro la recolecci\u00f3n de la aceituna y las variedades del olivo, realizar\u00e1n un experimento relacionado con la fabricaci\u00f3n del aceite y conocer\u00e1n una aut\u00e9ntica almazara con m\u00e1s de 400 a\u00f1os. El transporte est\u00e1 incluido.<\/p>\n<p>Los alumnos asistir\u00e1n a la actividad con el ch\u00e1ndal del colegio.<\/p>\n<p>La fecha l\u00edmite de pago es el 13 de febrero<\/p>\n","protected":false},"excerpt":{"rendered":"<h1>Planeta olivo (18 feb 26)<\/h1>\n","protected":false},"featured_media":19955,"template":"","meta":[],"product_brand":[],"product_cat":[244],"product_tag":[],"class_list":{"0":"post-19953","1":"product","2":"type-product","3":"status-publish","4":"has-post-thumbnail","6":"product_cat-actividades-complementarias-3o-primaria-actividad-complementaria","8":"first","9":"instock","10":"virtual","11":"sold-individually","12":"product-type-simple"},"_links":{"self":[{"href":"https:\/\/fundaciondoctrinacristiana.es\/sevilla\/wp-json\/wp\/v2\/product\/19953","targetHints":{"allow":["GET"]}}],"collection":[{"href":"https:\/\/fundaciondoctrinacristiana.es\/sevilla\/wp-json\/wp\/v2\/product"}],"about":[{"href":"https:\/\/fundaciondoctrinacristiana.es\/sevilla\/wp-json\/wp\/v2\/types\/product"}],"wp:featuredmedia":[{"embeddable":true,"href":"https:\/\/fundaciondoctrinacristiana.es\/sevilla\/wp-json\/wp\/v2\/media\/19955"}],"wp:attachment":[{"href":"https:\/\/fundaciondoctrinacristiana.es\/sevilla\/wp-json\/wp\/v2\/media?parent=19953"}],"wp:term":[{"taxonomy":"product_brand","embeddable":true,"href":"https:\/\/fundaciondoctrinacristiana.es\/sevilla\/wp-json\/wp\/v2\/product_brand?post=19953"},{"taxonomy":"product_cat","embeddable":true,"href":"https:\/\/fundaciondoctrinacristiana.es\/sevilla\/wp-json\/wp\/v2\/product_cat?post=19953"},{"taxonomy":"product_tag","embeddable":true,"href":"https:\/\/fundaciondoctrinacristiana.es\/sevilla\/wp-json\/wp\/v2\/product_tag?post=19953"}],"curies":[{"name":"wp","href":"https:\/\/api.w.org\/{rel}","templated":true}]}}