{"id":20161,"date":"2026-02-09T20:49:22","date_gmt":"2026-02-09T19:49:22","guid":{"rendered":"https:\/\/fundaciondoctrinacristiana.es\/sevilla\/?post_type=product&#038;p=20161"},"modified":"2026-02-09T20:49:22","modified_gmt":"2026-02-09T19:49:22","slug":"carmona-romana-18-feb-26","status":"publish","type":"product","link":"https:\/\/fundaciondoctrinacristiana.es\/sevilla\/producto\/carmona-romana-18-feb-26\/","title":{"rendered":"Carmona romana (18 feb 26)"},"content":{"rendered":"<h2>Carmona romana (18 feb 26)<\/h2>\n<div class=\"Qr7Oae\" role=\"listitem\">\n<div class=\"OxAavc NVbRL\" data-item-id=\"1718279545\">\n<div class=\"Ih4Dzb\">\n<p class=\"q4tvle JqSWld yqQS1\" tabindex=\"0\" role=\"textbox\" aria-label=\"Descripci\u00f3n de la actividad. Tambi\u00e9n se puede decir qu\u00e9 incluye (transporte, talleres, entrada, visita guiada, desayuno...)\" aria-disabled=\"true\">Vamos a realizar una visita a Carmona para descubrir c\u00f3mo vivieron en la \u00e9poca romana.<\/p>\n<blockquote>\n<p tabindex=\"0\" role=\"textbox\" aria-label=\"Descripci\u00f3n de la actividad. Tambi\u00e9n se puede decir qu\u00e9 incluye (transporte, talleres, entrada, visita guiada, desayuno...)\" aria-disabled=\"true\"><span class=\"M7eMe\">Los alumnos asistir\u00e1n a la actividad con el ch\u00e1ndal del colegio<\/span><\/p>\n<p tabindex=\"0\" role=\"textbox\" aria-label=\"Descripci\u00f3n de la actividad. Tambi\u00e9n se puede decir qu\u00e9 incluye (transporte, talleres, entrada, visita guiada, desayuno...)\" aria-disabled=\"true\"><span class=\"M7eMe\">Fecha l\u00edmite de pago 16 de febrero<\/span><\/p>\n<\/blockquote>\n<\/div>\n<\/div>\n<\/div>\n","protected":false},"excerpt":{"rendered":"<h2>Carmona romana (18 feb 26)<\/h2>\n<div class=\"Qr7Oae\" role=\"listitem\">\n<div class=\"OxAavc NVbRL\" data-item-id=\"1718279545\">\n<div class=\"Ih4Dzb\">\n<p class=\"q4tvle JqSWld yqQS1\" tabindex=\"0\" role=\"textbox\" aria-label=\"Descripci\u00f3n de la actividad. Tambi\u00e9n se puede decir qu\u00e9 incluye (transporte, talleres, entrada, visita guiada, desayuno...)\" aria-disabled=\"true\">Vamos a realizar una visita a Carmona para descubrir c\u00f3mo vivieron en la \u00e9poca romana.<\/p>\n<blockquote>\n<p tabindex=\"0\" role=\"textbox\" aria-label=\"Descripci\u00f3n de la actividad. Tambi\u00e9n se puede decir qu\u00e9 incluye (transporte, talleres, entrada, visita guiada, desayuno...)\" aria-disabled=\"true\"><span class=\"M7eMe\">Los alumnos asistir\u00e1n a la actividad con el ch\u00e1ndal del colegio<\/span><\/p>\n<p tabindex=\"0\" role=\"textbox\" aria-label=\"Descripci\u00f3n de la actividad. Tambi\u00e9n se puede decir qu\u00e9 incluye (transporte, talleres, entrada, visita guiada, desayuno...)\" aria-disabled=\"true\"><span class=\"M7eMe\">Fecha l\u00edmite de pago 16 de febrero<\/span><\/p>\n<\/blockquote>\n<\/div>\n<\/div>\n<\/div>\n","protected":false},"featured_media":20163,"template":"","meta":[],"product_brand":[],"product_cat":[242,243],"product_tag":[],"class_list":{"0":"post-20161","1":"product","2":"type-product","3":"status-publish","4":"has-post-thumbnail","6":"product_cat-actividades-complementarias-1o-primaria","7":"product_cat-actividades-complementarias-2o-primaria","9":"first","10":"instock","11":"virtual","12":"sold-individually","13":"product-type-simple"},"_links":{"self":[{"href":"https:\/\/fundaciondoctrinacristiana.es\/sevilla\/wp-json\/wp\/v2\/product\/20161","targetHints":{"allow":["GET"]}}],"collection":[{"href":"https:\/\/fundaciondoctrinacristiana.es\/sevilla\/wp-json\/wp\/v2\/product"}],"about":[{"href":"https:\/\/fundaciondoctrinacristiana.es\/sevilla\/wp-json\/wp\/v2\/types\/product"}],"wp:featuredmedia":[{"embeddable":true,"href":"https:\/\/fundaciondoctrinacristiana.es\/sevilla\/wp-json\/wp\/v2\/media\/20163"}],"wp:attachment":[{"href":"https:\/\/fundaciondoctrinacristiana.es\/sevilla\/wp-json\/wp\/v2\/media?parent=20161"}],"wp:term":[{"taxonomy":"product_brand","embeddable":true,"href":"https:\/\/fundaciondoctrinacristiana.es\/sevilla\/wp-json\/wp\/v2\/product_brand?post=20161"},{"taxonomy":"product_cat","embeddable":true,"href":"https:\/\/fundaciondoctrinacristiana.es\/sevilla\/wp-json\/wp\/v2\/product_cat?post=20161"},{"taxonomy":"product_tag","embeddable":true,"href":"https:\/\/fundaciondoctrinacristiana.es\/sevilla\/wp-json\/wp\/v2\/product_tag?post=20161"}],"curies":[{"name":"wp","href":"https:\/\/api.w.org\/{rel}","templated":true}]}}