{"id":20406,"date":"2026-02-17T07:23:18","date_gmt":"2026-02-17T06:23:18","guid":{"rendered":"https:\/\/fundaciondoctrinacristiana.es\/sevilla\/?post_type=product&#038;p=20406"},"modified":"2026-02-17T07:23:18","modified_gmt":"2026-02-17T06:23:18","slug":"museo-de-bellas-artes-desde-una-perspectiva-de-genero-3-marzo-26","status":"publish","type":"product","link":"https:\/\/fundaciondoctrinacristiana.es\/sevilla\/producto\/museo-de-bellas-artes-desde-una-perspectiva-de-genero-3-marzo-26\/","title":{"rendered":"MUSEO DE BELLAS ARTES DESDE UNA PERSPECTIVA DE G\u00c9NERO (3\/marzo\/26)"},"content":{"rendered":"<p><strong>MUSEO DE BELLAS ARTES DESDE UNA PERSPECTIVA DE G\u00c9NERO (3\/marzo\/26)<\/strong><\/p>\n<p>La visita recorrer\u00e1 distintas salas del museo donde admirar\u00e1n obras relacionadas con la mujer, ya sea porque ellas fueran las pintoras o porque fueran las protagonistas de la obra. Se analizar\u00e1 el papel de la mujer en distintas obras y el contexto hist\u00f3rico en el que fueron creadas. Se hablar\u00e1 de temas c\u00f3mo: la mujer en el mundo laboral, transmisi\u00f3n de ideas y valores a trav\u00e9s de la pintura, la lactancia, el papel de las reinas, etc.<\/p>\n<blockquote><p>Los alumnos asistir\u00e1n a la actividad con el uniforme<\/p>\n<p>Fecha l\u00edmite de pago 23 de febrero<\/p><\/blockquote>\n<p>&nbsp;<\/p>\n","protected":false},"excerpt":{"rendered":"<p><strong>MUSEO DE BELLAS ARTES DESDE UNA PERSPECTIVA DE G\u00c9NERO (3\/marzo\/26)<\/strong><\/p>\n","protected":false},"featured_media":20408,"template":"","meta":[],"product_brand":[],"product_cat":[250],"product_tag":[],"class_list":{"0":"post-20406","1":"product","2":"type-product","3":"status-publish","4":"has-post-thumbnail","6":"product_cat-actividades-complementarias-3o-eso","8":"first","9":"instock","10":"virtual","11":"sold-individually","12":"product-type-simple"},"_links":{"self":[{"href":"https:\/\/fundaciondoctrinacristiana.es\/sevilla\/wp-json\/wp\/v2\/product\/20406","targetHints":{"allow":["GET"]}}],"collection":[{"href":"https:\/\/fundaciondoctrinacristiana.es\/sevilla\/wp-json\/wp\/v2\/product"}],"about":[{"href":"https:\/\/fundaciondoctrinacristiana.es\/sevilla\/wp-json\/wp\/v2\/types\/product"}],"wp:featuredmedia":[{"embeddable":true,"href":"https:\/\/fundaciondoctrinacristiana.es\/sevilla\/wp-json\/wp\/v2\/media\/20408"}],"wp:attachment":[{"href":"https:\/\/fundaciondoctrinacristiana.es\/sevilla\/wp-json\/wp\/v2\/media?parent=20406"}],"wp:term":[{"taxonomy":"product_brand","embeddable":true,"href":"https:\/\/fundaciondoctrinacristiana.es\/sevilla\/wp-json\/wp\/v2\/product_brand?post=20406"},{"taxonomy":"product_cat","embeddable":true,"href":"https:\/\/fundaciondoctrinacristiana.es\/sevilla\/wp-json\/wp\/v2\/product_cat?post=20406"},{"taxonomy":"product_tag","embeddable":true,"href":"https:\/\/fundaciondoctrinacristiana.es\/sevilla\/wp-json\/wp\/v2\/product_tag?post=20406"}],"curies":[{"name":"wp","href":"https:\/\/api.w.org\/{rel}","templated":true}]}}