{"id":20553,"date":"2026-02-26T00:53:11","date_gmt":"2026-02-25T23:53:11","guid":{"rendered":"https:\/\/fundaciondoctrinacristiana.es\/sevilla\/?post_type=product&#038;p=20553"},"modified":"2026-02-26T00:53:11","modified_gmt":"2026-02-25T23:53:11","slug":"encuentro-pastoral-colegios-fundacion-educativa-doctrina-cristiana-10-abril-26","status":"publish","type":"product","link":"https:\/\/fundaciondoctrinacristiana.es\/sevilla\/producto\/encuentro-pastoral-colegios-fundacion-educativa-doctrina-cristiana-10-abril-26\/","title":{"rendered":"Encuentro Pastoral Colegios Fundaci\u00f3n Educativa Doctrina Cristiana (10 abril 26)"},"content":{"rendered":"<p><strong>Encuentro Pastoral Colegios Fundaci\u00f3n Educativa Doctrina Cristiana (10 abril 26)<\/strong><\/p>\n<p>Encuentro de Pastoral de todos los centros de la Fundaci\u00f3n Educativa Doctrina Cristiana. Se celebrar\u00e1 en Las Caba\u00f1as del Pintado (Cazalla de la Sierra), del 10 al 12 de abril. Incluye transporte, alojamiento y seguro (excepto la cena del viernes). Es necesario llevar saco de dormir y \u00fatiles de aseo.<\/p>\n<blockquote><p>Los alumnos asistir\u00e1n a la actividad con ropa c\u00f3moda y de abrigo.<\/p>\n<p>Fecha l\u00edmite de pago 23 marzo 2026<\/p><\/blockquote>\n","protected":false},"excerpt":{"rendered":"<p><strong>Encuentro Pastoral Colegios Fundaci\u00f3n Educativa Doctrina Cristiana (10 abril 26)<\/strong><\/p>\n","protected":false},"featured_media":20555,"template":"","meta":[],"product_brand":[],"product_cat":[247,249],"product_tag":[],"class_list":{"0":"post-20553","1":"product","2":"type-product","3":"status-publish","4":"has-post-thumbnail","6":"product_cat-actividades-complementarias-6o-primaria","7":"product_cat-actividades-complementarias-2o-eso","9":"first","10":"instock","11":"virtual","12":"sold-individually","13":"product-type-simple"},"_links":{"self":[{"href":"https:\/\/fundaciondoctrinacristiana.es\/sevilla\/wp-json\/wp\/v2\/product\/20553","targetHints":{"allow":["GET"]}}],"collection":[{"href":"https:\/\/fundaciondoctrinacristiana.es\/sevilla\/wp-json\/wp\/v2\/product"}],"about":[{"href":"https:\/\/fundaciondoctrinacristiana.es\/sevilla\/wp-json\/wp\/v2\/types\/product"}],"wp:featuredmedia":[{"embeddable":true,"href":"https:\/\/fundaciondoctrinacristiana.es\/sevilla\/wp-json\/wp\/v2\/media\/20555"}],"wp:attachment":[{"href":"https:\/\/fundaciondoctrinacristiana.es\/sevilla\/wp-json\/wp\/v2\/media?parent=20553"}],"wp:term":[{"taxonomy":"product_brand","embeddable":true,"href":"https:\/\/fundaciondoctrinacristiana.es\/sevilla\/wp-json\/wp\/v2\/product_brand?post=20553"},{"taxonomy":"product_cat","embeddable":true,"href":"https:\/\/fundaciondoctrinacristiana.es\/sevilla\/wp-json\/wp\/v2\/product_cat?post=20553"},{"taxonomy":"product_tag","embeddable":true,"href":"https:\/\/fundaciondoctrinacristiana.es\/sevilla\/wp-json\/wp\/v2\/product_tag?post=20553"}],"curies":[{"name":"wp","href":"https:\/\/api.w.org\/{rel}","templated":true}]}}