{"id":21114,"date":"2026-03-27T00:43:55","date_gmt":"2026-03-26T23:43:55","guid":{"rendered":"https:\/\/fundaciondoctrinacristiana.es\/sevilla\/?post_type=product&#038;p=21114"},"modified":"2026-03-27T01:05:23","modified_gmt":"2026-03-27T00:05:23","slug":"3bosque-suspendido-16-04-26","status":"publish","type":"product","link":"https:\/\/fundaciondoctrinacristiana.es\/sevilla\/producto\/3bosque-suspendido-16-04-26\/","title":{"rendered":"Bosque suspendido 16\/04\/26"},"content":{"rendered":"<p><strong>Bosque suspendido 16\/04\/26<\/strong><\/p>\n<p>Actividad de d\u00eda completo donde el alumnado tendr\u00e1n un d\u00eda de convivencia en un entorno natural donde realizar\u00e1n actividades f\u00edsico-recreativas. Est\u00e1 incluido el transporte y las actividades. Todos deber\u00e1n traer desayuno. Los alumnos que no est\u00e9n en el catering tambi\u00e9n deber\u00e1n traer el almuerzo.<\/p>\n<blockquote><p><span class=\"M7eMe\">Los alumnos asistir\u00e1n a la actividad con el ch\u00e1ndal del colegio<\/span><\/p>\n<p>Fecha l\u00edmite de pago 13\/04\/26<\/p><\/blockquote>\n","protected":false},"excerpt":{"rendered":"<p><strong>Bosque suspendido 16\/04\/26<\/strong><\/p>\n","protected":false},"featured_media":21124,"template":"","meta":[],"product_brand":[],"product_cat":[244],"product_tag":[],"class_list":{"0":"post-21114","1":"product","2":"type-product","3":"status-publish","4":"has-post-thumbnail","6":"product_cat-actividades-complementarias-3o-primaria-actividad-complementaria","8":"first","9":"instock","10":"virtual","11":"sold-individually","12":"product-type-simple"},"_links":{"self":[{"href":"https:\/\/fundaciondoctrinacristiana.es\/sevilla\/wp-json\/wp\/v2\/product\/21114","targetHints":{"allow":["GET"]}}],"collection":[{"href":"https:\/\/fundaciondoctrinacristiana.es\/sevilla\/wp-json\/wp\/v2\/product"}],"about":[{"href":"https:\/\/fundaciondoctrinacristiana.es\/sevilla\/wp-json\/wp\/v2\/types\/product"}],"wp:featuredmedia":[{"embeddable":true,"href":"https:\/\/fundaciondoctrinacristiana.es\/sevilla\/wp-json\/wp\/v2\/media\/21124"}],"wp:attachment":[{"href":"https:\/\/fundaciondoctrinacristiana.es\/sevilla\/wp-json\/wp\/v2\/media?parent=21114"}],"wp:term":[{"taxonomy":"product_brand","embeddable":true,"href":"https:\/\/fundaciondoctrinacristiana.es\/sevilla\/wp-json\/wp\/v2\/product_brand?post=21114"},{"taxonomy":"product_cat","embeddable":true,"href":"https:\/\/fundaciondoctrinacristiana.es\/sevilla\/wp-json\/wp\/v2\/product_cat?post=21114"},{"taxonomy":"product_tag","embeddable":true,"href":"https:\/\/fundaciondoctrinacristiana.es\/sevilla\/wp-json\/wp\/v2\/product_tag?post=21114"}],"curies":[{"name":"wp","href":"https:\/\/api.w.org\/{rel}","templated":true}]}}