{"id":21317,"date":"2026-04-06T14:50:51","date_gmt":"2026-04-06T12:50:51","guid":{"rendered":"https:\/\/fundaciondoctrinacristiana.es\/sevilla\/?post_type=product&#038;p=21317"},"modified":"2026-04-06T14:50:51","modified_gmt":"2026-04-06T12:50:51","slug":"visita-a-la-feria-de-la-ciencia-7-mayo-26","status":"publish","type":"product","link":"https:\/\/fundaciondoctrinacristiana.es\/sevilla\/producto\/visita-a-la-feria-de-la-ciencia-7-mayo-26\/","title":{"rendered":"Visita a la Feria de la Ciencia (7\/Mayo\/26)"},"content":{"rendered":"<p><strong>Visita a la Feria de la Ciencia (7\/Mayo\/26)<\/strong><\/p>\n<p>La Feria de la Ciencia es la principal actividad que desarrolla la Sociedad Andaluza para la Divulgaci\u00f3n de la Ciencia (SADC). Es un espacio expositivo en el que se encuentran el mundo de la investigaci\u00f3n, los centros educativos, los museos, las empresas, la universidad y la ciudadan\u00eda en general, que tiene como objetivo el intercambio, la divulgaci\u00f3n y la comunicaci\u00f3n de conocimientos cient\u00edficos, t\u00e9cnicos y de medio ambiente.<\/p>\n<blockquote><p><span class=\"M7eMe\">Los alumnos asistir\u00e1n a la actividad con el uniforme del colegio<\/span><\/p>\n<p><span class=\"M7eMe\">Fecha l\u00edmite de pago 28 abril 2026<\/span><\/p><\/blockquote>\n","protected":false},"excerpt":{"rendered":"<p><strong>Visita a la Feria de la Ciencia (7\/Mayo\/26)<\/strong><\/p>\n","protected":false},"featured_media":21321,"template":"","meta":[],"product_brand":[],"product_cat":[250],"product_tag":[],"class_list":{"0":"post-21317","1":"product","2":"type-product","3":"status-publish","4":"has-post-thumbnail","6":"product_cat-actividades-complementarias-3o-eso","8":"first","9":"instock","10":"virtual","11":"sold-individually","12":"purchasable","13":"product-type-simple"},"_links":{"self":[{"href":"https:\/\/fundaciondoctrinacristiana.es\/sevilla\/wp-json\/wp\/v2\/product\/21317","targetHints":{"allow":["GET"]}}],"collection":[{"href":"https:\/\/fundaciondoctrinacristiana.es\/sevilla\/wp-json\/wp\/v2\/product"}],"about":[{"href":"https:\/\/fundaciondoctrinacristiana.es\/sevilla\/wp-json\/wp\/v2\/types\/product"}],"wp:featuredmedia":[{"embeddable":true,"href":"https:\/\/fundaciondoctrinacristiana.es\/sevilla\/wp-json\/wp\/v2\/media\/21321"}],"wp:attachment":[{"href":"https:\/\/fundaciondoctrinacristiana.es\/sevilla\/wp-json\/wp\/v2\/media?parent=21317"}],"wp:term":[{"taxonomy":"product_brand","embeddable":true,"href":"https:\/\/fundaciondoctrinacristiana.es\/sevilla\/wp-json\/wp\/v2\/product_brand?post=21317"},{"taxonomy":"product_cat","embeddable":true,"href":"https:\/\/fundaciondoctrinacristiana.es\/sevilla\/wp-json\/wp\/v2\/product_cat?post=21317"},{"taxonomy":"product_tag","embeddable":true,"href":"https:\/\/fundaciondoctrinacristiana.es\/sevilla\/wp-json\/wp\/v2\/product_tag?post=21317"}],"curies":[{"name":"wp","href":"https:\/\/api.w.org\/{rel}","templated":true}]}}