{"id":21731,"date":"2026-05-06T07:51:34","date_gmt":"2026-05-06T05:51:34","guid":{"rendered":"https:\/\/fundaciondoctrinacristiana.es\/sevilla\/?post_type=product&#038;p=21731"},"modified":"2026-05-06T07:51:35","modified_gmt":"2026-05-06T05:51:35","slug":"concierto-de-primavera-26-21-de-mayo-2026","status":"publish","type":"product","link":"https:\/\/fundaciondoctrinacristiana.es\/sevilla\/producto\/concierto-de-primavera-26-21-de-mayo-2026\/","title":{"rendered":"Concierto de primavera 26 (21 de mayo 2026)"},"content":{"rendered":"<p><strong>Concierto de primavera 26 (21 de mayo 2026)<\/strong><\/p>\n<p>\u00a1Colabora con nuestro show el pr\u00f3ximo 21 de mayo! Los alumnos de 1\u00ba, 2\u00ba de ESO y coro cantar\u00e1n y tocar\u00e1n y queremos que compartas la experiencia con nosotros. No es una entrada sino una colaboraci\u00f3n para apoyar nuestra labor art\u00edstica. Tanto si vienes como p\u00fablico como si no, d\u00e9janos saber que nos apoyas \u00a1Gracias por tu colaboraci\u00f3n!<\/p>\n<blockquote><p>Actuaci\u00f3n:<br \/>\n21 de mayo a las 19 en la capilla del colegio Mercedes.<br \/>\nDuraci\u00f3n aproximada de 1 y 20 minutos.<\/p><\/blockquote>\n","protected":false},"excerpt":{"rendered":"<p><strong>Concierto de primavera 26 (21 de mayo 2026)<\/strong><\/p>\n<p>\u00a1Colabora con nuestro show el pr\u00f3ximo 21 de mayo! Los alumnos de 1\u00ba, 2\u00ba de ESO y coro cantar\u00e1n y tocar\u00e1n y queremos que compartas la experiencia con nosotros. No es una entrada sino una colaboraci\u00f3n para apoyar nuestra labor art\u00edstica. Tanto si vienes como p\u00fablico como si no, d\u00e9janos saber que nos apoyas \u00a1Gracias por tu colaboraci\u00f3n!<\/p>\n<blockquote><p>Actuaci\u00f3n:<br \/>\n21 de mayo a las 19 en la capilla del colegio Mercedes.<br \/>\nDuraci\u00f3n aproximada de 1 y 20 minutos.<\/p><\/blockquote>\n","protected":false},"featured_media":21733,"template":"","meta":[],"product_brand":[],"product_cat":[248,249,251],"product_tag":[],"class_list":{"0":"post-21731","1":"product","2":"type-product","3":"status-publish","4":"has-post-thumbnail","6":"product_cat-actividades-complementarias-1o-eso","7":"product_cat-actividades-complementarias-2o-eso","8":"product_cat-actividades-complementarias-4o-eso","10":"first","11":"instock","12":"virtual","13":"purchasable","14":"product-type-simple"},"_links":{"self":[{"href":"https:\/\/fundaciondoctrinacristiana.es\/sevilla\/wp-json\/wp\/v2\/product\/21731","targetHints":{"allow":["GET"]}}],"collection":[{"href":"https:\/\/fundaciondoctrinacristiana.es\/sevilla\/wp-json\/wp\/v2\/product"}],"about":[{"href":"https:\/\/fundaciondoctrinacristiana.es\/sevilla\/wp-json\/wp\/v2\/types\/product"}],"wp:featuredmedia":[{"embeddable":true,"href":"https:\/\/fundaciondoctrinacristiana.es\/sevilla\/wp-json\/wp\/v2\/media\/21733"}],"wp:attachment":[{"href":"https:\/\/fundaciondoctrinacristiana.es\/sevilla\/wp-json\/wp\/v2\/media?parent=21731"}],"wp:term":[{"taxonomy":"product_brand","embeddable":true,"href":"https:\/\/fundaciondoctrinacristiana.es\/sevilla\/wp-json\/wp\/v2\/product_brand?post=21731"},{"taxonomy":"product_cat","embeddable":true,"href":"https:\/\/fundaciondoctrinacristiana.es\/sevilla\/wp-json\/wp\/v2\/product_cat?post=21731"},{"taxonomy":"product_tag","embeddable":true,"href":"https:\/\/fundaciondoctrinacristiana.es\/sevilla\/wp-json\/wp\/v2\/product_tag?post=21731"}],"curies":[{"name":"wp","href":"https:\/\/api.w.org\/{rel}","templated":true}]}}